{"id":23,"date":"2023-09-29T12:41:02","date_gmt":"2023-09-29T12:41:02","guid":{"rendered":"https:\/\/sd-engineering.net\/Wordpress\/?page_id=23"},"modified":"2024-03-04T14:01:33","modified_gmt":"2024-03-04T14:01:33","slug":"beautiful-portfolios-for-exceptional-creatives","status":"publish","type":"page","link":"https:\/\/sd-engineering.net\/de\/","title":{"rendered":"Smart Distrikte"},"content":{"rendered":"<h1 class=\"wp-block-heading has-x-large-font-size\"><strong>Die Zukunft der Energieversorgung<\/strong><\/h1>\n\n\n\n<p>Die intelligente Steuerung verteilter Energieressourcen (DERs) ist notwendig, um eine zuverl\u00e4ssige Energieversorgung f\u00fcr die Zukunft zu gew\u00e4hrleisten. Smart Districts nutzen intelligent gesteuerte DERs wie PV-Anlagen, Kraft-W\u00e4rme-Kopplungssysteme (KWK), um Ladeinfrastruktur, ein Geb\u00e4ude oder ein ganzes Stadtviertel mit Energie zu versorgen. Durch die Kombination dieser Prosumer, steuerbaren Speicher und Verbraucher kann der Energieeinsatz stark optimiert, CO2-Emissionen gesenkt, Kosten reduziert und die Netzstabilit\u00e4t gew\u00e4hrleistet werden.<\/p>\n\n\n\n<p>Smart District Engineering (SD<mark style=\"background-color:rgba(0, 0, 0, 0);color:#a70000\" class=\"has-inline-color\">\u018e<\/mark>) bietet Energieberatung und -dienstleistungen an, um die Entwicklung von Produkten und kompletten Projekten in und um Smart Districte zu erm\u00f6glichen. Diese Dienstleistungen reichen von der Beratung zu IoT und SaaS bis hin zu hybriden Soft- und Hardwaresystemen, bei denen ein ganzheitliches Management aller Beteiligten f\u00fcr kosten-, qualit\u00e4ts- und zeitoptimales Arbeiten notwendig ist.<\/p>\n\n\n\n<div style=\"height:61px\" aria-hidden=\"true\" class=\"wp-block-spacer\"><\/div>\n\n\n\n<div style=\"height:0px\" aria-hidden=\"true\" class=\"wp-block-spacer\"><\/div>\n\n\n\n<div class=\"wp-block-group is-layout-flow wp-block-group-is-layout-flow\">\n<div class=\"wp-block-columns is-layout-flex wp-container-core-columns-is-layout-28f84493 wp-block-columns-is-layout-flex\">\n<div class=\"wp-block-column is-vertically-aligned-center is-layout-flow wp-block-column-is-layout-flow\" style=\"flex-basis:27%\">\n<h3 class=\"wp-block-heading\">SD<mark style=\"background-color:rgba(0, 0, 0, 0);color:#a70000\" class=\"has-inline-color\">\u018e<\/mark>\u2018s Leistungen<\/h3>\n\n\n\n<ul class=\"wp-block-list\">\n<li>(Holistisches) Management von Projekten aus den IT- und Energie-Sektoren.<\/li>\n\n\n\n<li>Baubegleitung und Projektmanagement<\/li>\n\n\n\n<li>Produktentwicklung<\/li>\n\n\n\n<li>Und mehr.<\/li>\n<\/ul>\n\n\n\n<div class=\"wp-block-buttons is-layout-flex wp-block-buttons-is-layout-flex\">\n<div class=\"wp-block-button is-style-outline is-style-outline--1\"><a class=\"wp-block-button__link wp-element-button\" href=\"https:\/\/sd-engineering.net\/de\/Wordpress\/services\/\">Leistungen<\/a><\/div>\n<\/div>\n<\/div>\n\n\n\n<div class=\"wp-block-column is-layout-flow wp-block-column-is-layout-flow\" style=\"flex-basis:1%\"><\/div>\n\n\n\n<div class=\"wp-block-column is-vertically-aligned-center is-layout-flow wp-block-column-is-layout-flow\">\n<figure class=\"wp-block-image aligncenter size-large is-resized wp-duotone-unset-2\"><img loading=\"lazy\" decoding=\"async\" width=\"1024\" height=\"630\" src=\"https:\/\/sd-engineering.net\/Wordpress\/wp-content\/uploads\/2023\/10\/Quarter-1-Modified-3-1-1024x630.png\" alt=\"\" class=\"wp-image-330\" style=\"width:810px;height:undefinedpx\" srcset=\"https:\/\/sd-engineering.net\/wp-content\/uploads\/2023\/10\/Quarter-1-Modified-3-1-1024x630.png 1024w, https:\/\/sd-engineering.net\/wp-content\/uploads\/2023\/10\/Quarter-1-Modified-3-1-300x184.png 300w, https:\/\/sd-engineering.net\/wp-content\/uploads\/2023\/10\/Quarter-1-Modified-3-1-768x472.png 768w, https:\/\/sd-engineering.net\/wp-content\/uploads\/2023\/10\/Quarter-1-Modified-3-1-1536x944.png 1536w, https:\/\/sd-engineering.net\/wp-content\/uploads\/2023\/10\/Quarter-1-Modified-3-1-2048x1259.png 2048w\" sizes=\"auto, (max-width: 1024px) 100vw, 1024px\" \/><\/figure>\n<\/div>\n<\/div>\n<\/div>\n\n\n\n<div style=\"height:100px\" aria-hidden=\"true\" class=\"wp-block-spacer\"><\/div>\n\n\n\n<div class=\"wp-block-group is-layout-flow wp-block-group-is-layout-flow\">\n<div class=\"wp-block-columns are-vertically-aligned-center is-layout-flex wp-container-core-columns-is-layout-28f84493 wp-block-columns-is-layout-flex\">\n<div class=\"wp-block-column is-vertically-aligned-center is-layout-flow wp-block-column-is-layout-flow\">\n<figure class=\"wp-block-image size-large is-style-default\"><img loading=\"lazy\" decoding=\"async\" width=\"1024\" height=\"695\" src=\"https:\/\/sd-engineering.net\/Wordpress\/wp-content\/uploads\/2023\/09\/Location-Office-mit-EVCS-PV-und-BESS-2-1024x695.png\" alt=\"\" class=\"wp-image-58\" srcset=\"https:\/\/sd-engineering.net\/wp-content\/uploads\/2023\/09\/Location-Office-mit-EVCS-PV-und-BESS-2-1024x695.png 1024w, https:\/\/sd-engineering.net\/wp-content\/uploads\/2023\/09\/Location-Office-mit-EVCS-PV-und-BESS-2-300x204.png 300w, https:\/\/sd-engineering.net\/wp-content\/uploads\/2023\/09\/Location-Office-mit-EVCS-PV-und-BESS-2-768x521.png 768w, https:\/\/sd-engineering.net\/wp-content\/uploads\/2023\/09\/Location-Office-mit-EVCS-PV-und-BESS-2-1536x1043.png 1536w, https:\/\/sd-engineering.net\/wp-content\/uploads\/2023\/09\/Location-Office-mit-EVCS-PV-und-BESS-2-2048x1390.png 2048w, https:\/\/sd-engineering.net\/wp-content\/uploads\/2023\/09\/Location-Office-mit-EVCS-PV-und-BESS-2-2000x1358.png 2000w\" sizes=\"auto, (max-width: 1024px) 100vw, 1024px\" \/><\/figure>\n<\/div>\n\n\n\n<div class=\"wp-block-column is-layout-flow wp-block-column-is-layout-flow\" style=\"flex-basis:4%\"><\/div>\n\n\n\n<div class=\"wp-block-column is-vertically-aligned-center is-layout-flow wp-block-column-is-layout-flow\" style=\"flex-basis:26.67%\">\n<h3 class=\"wp-block-heading\">Lerne mehr \u00fcber SD<mark style=\"background-color:rgba(0, 0, 0, 0);color:#a70000\" class=\"has-inline-color\">\u018e<\/mark><\/h3>\n\n\n\n<p>Vom Konstruktion \u00fcber Materialien bis hin zu Energie und IT. Flexibility drives Solution.<\/p>\n\n\n\n<div class=\"wp-block-buttons is-horizontal is-content-justification-left is-layout-flex wp-container-core-buttons-is-layout-20be11b6 wp-block-buttons-is-layout-flex\">\n<div class=\"wp-block-button is-style-outline is-style-outline--3\"><a class=\"wp-block-button__link wp-element-button\" href=\"https:\/\/sd-engineering.net\/de\/Wordpress\/about\/\">About SD<mark style=\"background-color:rgba(0, 0, 0, 0);color:#a70000\" class=\"has-inline-color\">\u018e<\/mark><\/a><\/div>\n<\/div>\n<\/div>\n<\/div>\n<\/div>\n\n\n\n<div style=\"height:100px\" aria-hidden=\"true\" class=\"wp-block-spacer\"><\/div>\n\n\n\n<div class=\"wp-block-group alignfull has-global-padding is-layout-constrained wp-block-group-is-layout-constrained\">\n<h2 class=\"wp-block-heading has-text-align-center\"><strong>You are in good company<\/strong><\/h2>\n\n\n\n<div style=\"height:18px\" aria-hidden=\"true\" class=\"wp-block-spacer\"><\/div>\n\n\n\n<div class=\"wp-block-columns are-vertically-aligned-center is-layout-flex wp-container-core-columns-is-layout-28f84493 wp-block-columns-is-layout-flex\">\n<div class=\"wp-block-column is-vertically-aligned-center is-layout-flow wp-block-column-is-layout-flow\">\n<p class=\"has-text-align-center has-xx-large-font-size\"><strong><strong><strong><strong><mark style=\"background-color:rgba(0, 0, 0, 0)\" class=\"has-inline-color has-foreground-color\">gridX<\/mark><\/strong><\/strong><\/strong><\/strong><\/p>\n<\/div>\n\n\n\n<div class=\"wp-block-column is-vertically-aligned-center is-layout-flow wp-block-column-is-layout-flow\">\n<figure class=\"wp-block-image aligncenter size-full is-resized\"><img loading=\"lazy\" decoding=\"async\" width=\"448\" height=\"71\" src=\"https:\/\/sd-engineering.net\/Wordpress\/wp-content\/uploads\/2023\/10\/Logo-Zenport-1.png\" alt=\"\" class=\"wp-image-116\" style=\"width:175px;height:28px\" srcset=\"https:\/\/sd-engineering.net\/wp-content\/uploads\/2023\/10\/Logo-Zenport-1.png 448w, https:\/\/sd-engineering.net\/wp-content\/uploads\/2023\/10\/Logo-Zenport-1-300x48.png 300w\" sizes=\"auto, (max-width: 448px) 100vw, 448px\" \/><\/figure>\n<\/div>\n\n\n\n<div class=\"wp-block-column is-vertically-aligned-center is-layout-flow wp-block-column-is-layout-flow\">\n<p class=\"has-text-align-center has-xx-large-font-size\"><strong><mark style=\"background-color:rgba(0, 0, 0, 0)\" class=\"has-inline-color has-foreground-color\">AIRBUS<\/mark><\/strong><\/p>\n<\/div>\n\n\n\n<div class=\"wp-block-column is-vertically-aligned-center is-layout-flow wp-block-column-is-layout-flow\">\n<p class=\"has-text-align-center has-xx-large-font-size\"><strong><strong><strong><mark style=\"background-color:rgba(0, 0, 0, 0)\" class=\"has-inline-color has-foreground-color\">RHEINMETALL<\/mark><\/strong><\/strong><\/strong><\/p>\n<\/div>\n<\/div>\n\n\n\n<div class=\"wp-block-columns is-layout-flex wp-container-core-columns-is-layout-28f84493 wp-block-columns-is-layout-flex\">\n<div class=\"wp-block-column is-vertically-aligned-center is-layout-flow wp-block-column-is-layout-flow\">\n<p class=\"has-text-align-center has-xx-large-font-size\"><strong><mark style=\"background-color:rgba(0, 0, 0, 0)\" class=\"has-inline-color has-foreground-color\">EON<\/mark><\/strong><\/p>\n<\/div>\n\n\n\n<div class=\"wp-block-column is-vertically-aligned-center is-layout-flow wp-block-column-is-layout-flow\">\n<p class=\"has-text-align-center has-xx-large-font-size\"><mark style=\"background-color:rgba(0, 0, 0, 0)\" class=\"has-inline-color has-foreground-color\"><strong>FZ <\/strong><\/mark><strong><mark style=\"background-color:rgba(0, 0, 0, 0)\" class=\"has-inline-color has-foreground-color\">J\u00fclich <\/mark><\/strong><\/p>\n<\/div>\n\n\n\n<div class=\"wp-block-column is-vertically-aligned-center is-layout-flow wp-block-column-is-layout-flow\">\n<p class=\"has-text-align-center has-xx-large-font-size\"><strong><mark style=\"background-color:rgba(0, 0, 0, 0)\" class=\"has-inline-color has-foreground-color\">invenio<\/mark><\/strong><\/p>\n<\/div>\n\n\n\n<div class=\"wp-block-column is-vertically-aligned-center is-layout-flow wp-block-column-is-layout-flow\">\n<p class=\"has-text-align-center has-xx-large-font-size\"><strong><mark style=\"background-color:rgba(0, 0, 0, 0)\" class=\"has-inline-color has-foreground-color\">Shell<\/mark><\/strong><\/p>\n<\/div>\n<\/div>\n<\/div>","protected":false},"excerpt":{"rendered":"<p>The future of energy distribution. The intelligent control of distributed energy resources (DERs) is necessary to assure reliable energy availability for the future. Smart districts use intelligently controlled DERs like PV installations, combined heat and power systems (CHP) to supply charging infrastructure, a building or a whole city quarter with energy. Through the combination of [&hellip;]<\/p>\n","protected":false},"author":1,"featured_media":508,"parent":0,"menu_order":0,"comment_status":"closed","ping_status":"closed","template":"wp-custom-template-base","meta":{"_acf_changed":false,"footnotes":""},"class_list":["post-23","page","type-page","status-publish","has-post-thumbnail","hentry"],"acf":[],"_links":{"self":[{"href":"https:\/\/sd-engineering.net\/de\/wp-json\/wp\/v2\/pages\/23","targetHints":{"allow":["GET"]}}],"collection":[{"href":"https:\/\/sd-engineering.net\/de\/wp-json\/wp\/v2\/pages"}],"about":[{"href":"https:\/\/sd-engineering.net\/de\/wp-json\/wp\/v2\/types\/page"}],"author":[{"embeddable":true,"href":"https:\/\/sd-engineering.net\/de\/wp-json\/wp\/v2\/users\/1"}],"replies":[{"embeddable":true,"href":"https:\/\/sd-engineering.net\/de\/wp-json\/wp\/v2\/comments?post=23"}],"version-history":[{"count":154,"href":"https:\/\/sd-engineering.net\/de\/wp-json\/wp\/v2\/pages\/23\/revisions"}],"predecessor-version":[{"id":576,"href":"https:\/\/sd-engineering.net\/de\/wp-json\/wp\/v2\/pages\/23\/revisions\/576"}],"wp:featuredmedia":[{"embeddable":true,"href":"https:\/\/sd-engineering.net\/de\/wp-json\/wp\/v2\/media\/508"}],"wp:attachment":[{"href":"https:\/\/sd-engineering.net\/de\/wp-json\/wp\/v2\/media?parent=23"}],"curies":[{"name":"wp","href":"https:\/\/api.w.org\/{rel}","templated":true}]}}