{"id":25,"date":"2023-09-29T12:41:02","date_gmt":"2023-09-29T12:41:02","guid":{"rendered":"https:\/\/sd-engineering.net\/Wordpress\/?page_id=25"},"modified":"2026-04-09T13:23:24","modified_gmt":"2026-04-09T13:23:24","slug":"services","status":"publish","type":"page","link":"https:\/\/sd-engineering.net\/de\/services\/","title":{"rendered":"Services"},"content":{"rendered":"<div class=\"wp-block-group is-layout-flow wp-block-group-is-layout-flow\">\n<div class=\"wp-block-columns is-layout-flex wp-container-core-columns-is-layout-28f84493 wp-block-columns-is-layout-flex\">\n<div class=\"wp-block-column is-vertically-aligned-center is-layout-flow wp-block-column-is-layout-flow\" style=\"flex-basis:60%\">\n<figure class=\"wp-block-image aligncenter size-large is-resized\"><img loading=\"lazy\" decoding=\"async\" width=\"1024\" height=\"695\" src=\"https:\/\/sd-engineering.net\/Wordpress\/wp-content\/uploads\/2023\/09\/Location-Office-mit-EVCS-PV-und-BESS-2-1024x695.png\" alt=\"\" class=\"wp-image-58\" style=\"width:592px;height:undefinedpx\" srcset=\"https:\/\/sd-engineering.net\/wp-content\/uploads\/2023\/09\/Location-Office-mit-EVCS-PV-und-BESS-2-1024x695.png 1024w, https:\/\/sd-engineering.net\/wp-content\/uploads\/2023\/09\/Location-Office-mit-EVCS-PV-und-BESS-2-300x204.png 300w, https:\/\/sd-engineering.net\/wp-content\/uploads\/2023\/09\/Location-Office-mit-EVCS-PV-und-BESS-2-768x521.png 768w, https:\/\/sd-engineering.net\/wp-content\/uploads\/2023\/09\/Location-Office-mit-EVCS-PV-und-BESS-2-1536x1043.png 1536w, https:\/\/sd-engineering.net\/wp-content\/uploads\/2023\/09\/Location-Office-mit-EVCS-PV-und-BESS-2-2048x1390.png 2048w, https:\/\/sd-engineering.net\/wp-content\/uploads\/2023\/09\/Location-Office-mit-EVCS-PV-und-BESS-2-2000x1358.png 2000w\" sizes=\"auto, (max-width: 1024px) 100vw, 1024px\" \/><\/figure>\n<\/div>\n\n\n\n<div class=\"wp-block-column is-vertically-aligned-center is-layout-flow wp-block-column-is-layout-flow\" style=\"flex-basis:40%\">\n<h2 class=\"wp-block-heading\">Generelle Energieberatung<\/h2>\n\n\n\n<ul class=\"wp-block-list\">\n<li>Generelle Energieberatung<\/li>\n\n\n\n<li>Baubegleitung und Projektmanagement<\/li>\n<\/ul>\n<\/div>\n<\/div>\n<\/div>\n\n\n\n<p><\/p>\n\n\n\n<div style=\"height:35px\" aria-hidden=\"true\" class=\"wp-block-spacer\"><\/div>\n\n\n\n<h2 class=\"wp-block-heading\">Baubegleitung und Projektmanagement<\/h2>\n\n\n\n<div class=\"wp-block-group is-layout-flow wp-block-group-is-layout-flow\">\n<div class=\"wp-block-columns is-layout-flex wp-container-core-columns-is-layout-28f84493 wp-block-columns-is-layout-flex\">\n<div class=\"wp-block-column is-vertically-aligned-center is-layout-flow wp-block-column-is-layout-flow\" style=\"flex-basis:40%\">\n<p>(Holistisches) Projektmanagement f\u00fcr Smart Distrikte und damit verbundene Produkte wie: <\/p>\n\n\n\n<ul class=\"wp-block-list\">\n<li>Messkonzepte<\/li>\n\n\n\n<li>Ladeinfrastruktur<\/li>\n\n\n\n<li>Unabh\u00e4ngige Haushalte<\/li>\n\n\n\n<li>Energiemarktinteraktion<\/li>\n\n\n\n<li>Microgrids<\/li>\n\n\n\n<li>Logistikhubs<\/li>\n\n\n\n<li>Graphische Interfaces f\u00fcr Nutzer und Betreiber<\/li>\n<\/ul>\n\n\n\n<p>Klimaneutralit\u00e4tsprojekte erfordern h\u00e4ufig mehrere Partner aus unterschiedlichen Industrien, die teils neue Technologien miteinander kombinieren m\u00fcssen. H\u00e4ufig kommt es dabei zu Missverst\u00e4ndnissen mit teuren Konsequenzen. SD<mark style=\"background-color:rgba(0, 0, 0, 0);color:#a70000\" class=\"has-inline-color\">\u018e<\/mark> bietet daher \u00fcbergeordnetes (holistisches) Projektmanagement f\u00fcr die Gesamtorganisation, um die Anforderungen der verschiedenen Partner zu erfassen, Risiken fr\u00fchzeitig zu erkennen und damit den Projektablauf zu beschleunigen und kosteng\u00fcnstiger zu machen.<\/p>\n<\/div>\n\n\n\n<div class=\"wp-block-column is-vertically-aligned-center is-layout-flow wp-block-column-is-layout-flow\" style=\"flex-basis:60%\">\n<figure class=\"wp-block-image aligncenter size-large is-resized\"><img loading=\"lazy\" decoding=\"async\" width=\"1024\" height=\"630\" src=\"https:\/\/sd-engineering.net\/Wordpress\/wp-content\/uploads\/2023\/10\/Location-Quarter-1-1-1024x630.png\" alt=\"\" class=\"wp-image-233\" style=\"width:592px;height:undefinedpx\" srcset=\"https:\/\/sd-engineering.net\/wp-content\/uploads\/2023\/10\/Location-Quarter-1-1-1024x630.png 1024w, https:\/\/sd-engineering.net\/wp-content\/uploads\/2023\/10\/Location-Quarter-1-1-300x184.png 300w, https:\/\/sd-engineering.net\/wp-content\/uploads\/2023\/10\/Location-Quarter-1-1-768x472.png 768w, https:\/\/sd-engineering.net\/wp-content\/uploads\/2023\/10\/Location-Quarter-1-1-1536x944.png 1536w, https:\/\/sd-engineering.net\/wp-content\/uploads\/2023\/10\/Location-Quarter-1-1-2048x1259.png 2048w, https:\/\/sd-engineering.net\/wp-content\/uploads\/2023\/10\/Location-Quarter-1-1-2000x1230.png 2000w\" sizes=\"auto, (max-width: 1024px) 100vw, 1024px\" \/><\/figure>\n<\/div>\n<\/div>\n<\/div>\n\n\n\n<div style=\"height:35px\" aria-hidden=\"true\" class=\"wp-block-spacer\"><\/div>\n\n\n\n<div class=\"wp-block-group has-global-padding is-layout-constrained wp-block-group-is-layout-constrained\">\n<div class=\"wp-block-columns is-layout-flex wp-container-core-columns-is-layout-28f84493 wp-block-columns-is-layout-flex\">\n<div class=\"wp-block-column is-vertically-aligned-center is-layout-flow wp-block-column-is-layout-flow\">\n<figure class=\"wp-block-image aligncenter size-large is-resized\"><img loading=\"lazy\" decoding=\"async\" width=\"1024\" height=\"630\" src=\"https:\/\/sd-engineering.net\/Wordpress\/wp-content\/uploads\/2023\/10\/Quarter-1-Modified-3-1-1024x630.png\" alt=\"\" class=\"wp-image-330\" style=\"width:592px;height:undefinedpx\" srcset=\"https:\/\/sd-engineering.net\/wp-content\/uploads\/2023\/10\/Quarter-1-Modified-3-1-1024x630.png 1024w, https:\/\/sd-engineering.net\/wp-content\/uploads\/2023\/10\/Quarter-1-Modified-3-1-300x184.png 300w, https:\/\/sd-engineering.net\/wp-content\/uploads\/2023\/10\/Quarter-1-Modified-3-1-768x472.png 768w, https:\/\/sd-engineering.net\/wp-content\/uploads\/2023\/10\/Quarter-1-Modified-3-1-1536x944.png 1536w, https:\/\/sd-engineering.net\/wp-content\/uploads\/2023\/10\/Quarter-1-Modified-3-1-2048x1259.png 2048w\" sizes=\"auto, (max-width: 1024px) 100vw, 1024px\" \/><\/figure>\n<\/div>\n\n\n\n<div class=\"wp-block-column is-layout-flow wp-block-column-is-layout-flow\" style=\"flex-basis:3%\"><\/div>\n\n\n\n<div class=\"wp-block-column is-layout-flow wp-block-column-is-layout-flow\" style=\"flex-basis:35%\">\n<p>SD<mark style=\"background-color:rgba(0, 0, 0, 0);color:#a70000\" class=\"has-inline-color\">\u018e<\/mark> ber\u00fccksichtigt dabei Komponenten wie:<\/p>\n\n\n\n<ul class=\"wp-block-list\">\n<li>IKT (Informations- und Kommunikationstechnologie)<\/li>\n\n\n\n<li>Leistungsgrenzen<\/li>\n\n\n\n<li>API Schnittstellen<\/li>\n\n\n\n<li>Backend Infrastruktur<\/li>\n\n\n\n<li>Anlagendimensionierung, -Installation und -Integration<\/li>\n\n\n\n<li>EMS Use Cases, Entwicklung und Tests<\/li>\n\n\n\n<li>Visualisierung<\/li>\n\n\n\n<li>Normen, Richtlinien und Gesetze<\/li>\n<\/ul>\n\n\n\n<p>SD<mark style=\"background-color:rgba(0, 0, 0, 0);color:#a70000\" class=\"has-inline-color\">\u018e<\/mark> verwendet Werkzeuge wie:<\/p>\n\n\n\n<ul class=\"wp-block-list\">\n<li>Risikomanagement<\/li>\n\n\n\n<li>Anforderungsmanagement<\/li>\n\n\n\n<li>Projektstrukturpl\u00e4ne (PSP)<\/li>\n\n\n\n<li>Budget- und Zeitplanung<\/li>\n\n\n\n<li>\u2026<\/li>\n<\/ul>\n<\/div>\n<\/div>\n<\/div>\n\n\n\n<p>Damit reduziert Projektmanagement von SD<mark style=\"background-color:rgba(0, 0, 0, 0);color:#a70000\" class=\"has-inline-color\">\u018e<\/mark> effektiv Kosten und Zeit durch fr\u00fchzeitiges Erkennen von Risiken, Vermeidung durch L\u00f6sungsimplementierung und detailliertes und synchronisiertes Anforderungsmanagement.<\/p>\n\n\n\n<div style=\"height:60px\" aria-hidden=\"true\" class=\"wp-block-spacer\"><\/div>\n\n\n\n<div class=\"wp-block-group is-layout-flow wp-block-group-is-layout-flow\">\n<div class=\"wp-block-columns are-vertically-aligned-center is-layout-flex wp-container-core-columns-is-layout-28f84493 wp-block-columns-is-layout-flex\">\n<div class=\"wp-block-column is-vertically-aligned-center is-layout-flow wp-block-column-is-layout-flow\" style=\"flex-basis:40%\">\n<h2 class=\"wp-block-heading\">Produkt-management<\/h2>\n\n\n\n<ul class=\"wp-block-list\">\n<li>Entwicklung und Wirtschaftlichkeitsbetrachtung von Konzepten f\u00fcr Smart-Districte und zugeh\u00f6rige sowie IT-Produkte.<\/li>\n\n\n\n<li>Produktentwicklung von der Idee bis zur Industrialisierung \/ Kundenanwendung.<\/li>\n\n\n\n<li>Maximierung des Produktwertes.<\/li>\n<\/ul>\n<\/div>\n\n\n\n<div class=\"wp-block-column is-vertically-aligned-center is-layout-flow wp-block-column-is-layout-flow\" style=\"flex-basis:60%\">\n<figure class=\"wp-block-image aligncenter size-large is-resized has-custom-border\"><img loading=\"lazy\" decoding=\"async\" width=\"1024\" height=\"672\" src=\"https:\/\/sd-engineering.net\/Wordpress\/wp-content\/uploads\/2023\/09\/Location-Einfamilienhaus-mit-PV-Battery-HP-EVCS-links-1-1024x672.png\" alt=\"\" class=\"wp-image-75\" style=\"border-style:none;border-width:0px;border-radius:0px;width:570px;height:undefinedpx\" srcset=\"https:\/\/sd-engineering.net\/wp-content\/uploads\/2023\/09\/Location-Einfamilienhaus-mit-PV-Battery-HP-EVCS-links-1-1024x672.png 1024w, https:\/\/sd-engineering.net\/wp-content\/uploads\/2023\/09\/Location-Einfamilienhaus-mit-PV-Battery-HP-EVCS-links-1-300x197.png 300w, https:\/\/sd-engineering.net\/wp-content\/uploads\/2023\/09\/Location-Einfamilienhaus-mit-PV-Battery-HP-EVCS-links-1-768x504.png 768w, https:\/\/sd-engineering.net\/wp-content\/uploads\/2023\/09\/Location-Einfamilienhaus-mit-PV-Battery-HP-EVCS-links-1-1536x1009.png 1536w, https:\/\/sd-engineering.net\/wp-content\/uploads\/2023\/09\/Location-Einfamilienhaus-mit-PV-Battery-HP-EVCS-links-1-2048x1345.png 2048w, https:\/\/sd-engineering.net\/wp-content\/uploads\/2023\/09\/Location-Einfamilienhaus-mit-PV-Battery-HP-EVCS-links-1-2000x1313.png 2000w\" sizes=\"auto, (max-width: 1024px) 100vw, 1024px\" \/><\/figure>\n<\/div>\n<\/div>\n<\/div>\n\n\n\n<div style=\"height:60px\" aria-hidden=\"true\" class=\"wp-block-spacer\"><\/div>\n\n\n\n<div class=\"wp-block-group is-layout-flow wp-block-group-is-layout-flow\">\n<div class=\"wp-block-columns is-layout-flex wp-container-core-columns-is-layout-28f84493 wp-block-columns-is-layout-flex\">\n<div class=\"wp-block-column is-vertically-aligned-center is-layout-flow wp-block-column-is-layout-flow\" style=\"flex-basis:60%\">\n<figure class=\"wp-block-image aligncenter size-large is-resized\"><img loading=\"lazy\" decoding=\"async\" width=\"1024\" height=\"672\" src=\"https:\/\/sd-engineering.net\/Wordpress\/wp-content\/uploads\/2023\/10\/Location-Einfamilienhaus-mit-PV-Battery-HP-EVCS-links-Modified-1024x672.png\" alt=\"\" class=\"wp-image-398\" style=\"width:592px;height:undefinedpx\" srcset=\"https:\/\/sd-engineering.net\/wp-content\/uploads\/2023\/10\/Location-Einfamilienhaus-mit-PV-Battery-HP-EVCS-links-Modified-1024x672.png 1024w, https:\/\/sd-engineering.net\/wp-content\/uploads\/2023\/10\/Location-Einfamilienhaus-mit-PV-Battery-HP-EVCS-links-Modified-300x197.png 300w, https:\/\/sd-engineering.net\/wp-content\/uploads\/2023\/10\/Location-Einfamilienhaus-mit-PV-Battery-HP-EVCS-links-Modified-768x504.png 768w, https:\/\/sd-engineering.net\/wp-content\/uploads\/2023\/10\/Location-Einfamilienhaus-mit-PV-Battery-HP-EVCS-links-Modified.png 1243w\" sizes=\"auto, (max-width: 1024px) 100vw, 1024px\" \/><\/figure>\n<\/div>\n\n\n\n<div class=\"wp-block-column is-layout-flow wp-block-column-is-layout-flow\" style=\"flex-basis:40%\">\n<h2 class=\"wp-block-heading\">Allgemeine Beratung und Projektleitung<\/h2>\n\n\n\n<p>Sie haben andere Bed\u00fcrfnisse und suchen Unterst\u00fctzung?<\/p>\n\n\n\n<div class=\"wp-block-buttons is-layout-flex wp-block-buttons-is-layout-flex\">\n<div class=\"wp-block-button is-style-outline is-style-outline--1\"><a class=\"wp-block-button__link wp-element-button\" href=\"https:\/\/sd-engineering.net\/de\/Wordpress\/impressum\/\">Kontaktiere SD<mark style=\"background-color:rgba(0, 0, 0, 0);color:#a70000\" class=\"has-inline-color\">\u018e<\/mark><\/a><\/div>\n<\/div>\n<\/div>\n<\/div>\n<\/div>","protected":false},"excerpt":{"rendered":"<p>Energy consulting Project management (Holistic) project management for smart districts and associated products in the IT and renewebles sectors like: Climate neutrality projects often require several partners from different industries, some of which have to combine new technologies. This often leads to misunderstandings with expensive consequences. SD\u018e therefore offers higher-level (holistic) project management for the [&hellip;]<\/p>\n","protected":false},"author":1,"featured_media":508,"parent":0,"menu_order":0,"comment_status":"closed","ping_status":"closed","template":"wp-custom-template-base","meta":{"_acf_changed":false,"footnotes":""},"class_list":["post-25","page","type-page","status-publish","has-post-thumbnail","hentry"],"acf":[],"_links":{"self":[{"href":"https:\/\/sd-engineering.net\/de\/wp-json\/wp\/v2\/pages\/25","targetHints":{"allow":["GET"]}}],"collection":[{"href":"https:\/\/sd-engineering.net\/de\/wp-json\/wp\/v2\/pages"}],"about":[{"href":"https:\/\/sd-engineering.net\/de\/wp-json\/wp\/v2\/types\/page"}],"author":[{"embeddable":true,"href":"https:\/\/sd-engineering.net\/de\/wp-json\/wp\/v2\/users\/1"}],"replies":[{"embeddable":true,"href":"https:\/\/sd-engineering.net\/de\/wp-json\/wp\/v2\/comments?post=25"}],"version-history":[{"count":55,"href":"https:\/\/sd-engineering.net\/de\/wp-json\/wp\/v2\/pages\/25\/revisions"}],"predecessor-version":[{"id":599,"href":"https:\/\/sd-engineering.net\/de\/wp-json\/wp\/v2\/pages\/25\/revisions\/599"}],"wp:featuredmedia":[{"embeddable":true,"href":"https:\/\/sd-engineering.net\/de\/wp-json\/wp\/v2\/media\/508"}],"wp:attachment":[{"href":"https:\/\/sd-engineering.net\/de\/wp-json\/wp\/v2\/media?parent=25"}],"curies":[{"name":"wp","href":"https:\/\/api.w.org\/{rel}","templated":true}]}}