{"id":402,"date":"2023-10-10T08:39:56","date_gmt":"2023-10-10T08:39:56","guid":{"rendered":"https:\/\/sd-engineering.net\/Wordpress\/?page_id=402"},"modified":"2025-10-16T06:30:36","modified_gmt":"2025-10-16T06:30:36","slug":"about","status":"publish","type":"page","link":"https:\/\/sd-engineering.net\/de\/about\/","title":{"rendered":"About"},"content":{"rendered":"<div style=\"height:50px\" aria-hidden=\"true\" class=\"wp-block-spacer\"><\/div>\n\n\n\n<div class=\"wp-block-columns is-layout-flex wp-container-core-columns-is-layout-28f84493 wp-block-columns-is-layout-flex\">\n<div class=\"wp-block-column is-layout-flow wp-block-column-is-layout-flow\" style=\"flex-basis:40%\">\n<figure class=\"wp-block-image size-full is-resized\"><img loading=\"lazy\" decoding=\"async\" width=\"1020\" height=\"1020\" src=\"https:\/\/sd-engineering.net\/wp-content\/uploads\/2025\/10\/2_9806.jpg\" alt=\"\" class=\"wp-image-593\" style=\"width:539px;height:undefinedpx\" srcset=\"https:\/\/sd-engineering.net\/wp-content\/uploads\/2025\/10\/2_9806.jpg 1020w, https:\/\/sd-engineering.net\/wp-content\/uploads\/2025\/10\/2_9806-300x300.jpg 300w, https:\/\/sd-engineering.net\/wp-content\/uploads\/2025\/10\/2_9806-150x150.jpg 150w, https:\/\/sd-engineering.net\/wp-content\/uploads\/2025\/10\/2_9806-768x768.jpg 768w, https:\/\/sd-engineering.net\/wp-content\/uploads\/2025\/10\/2_9806-12x12.jpg 12w\" sizes=\"auto, (max-width: 1020px) 100vw, 1020px\" \/><\/figure>\n<\/div>\n\n\n\n<div class=\"wp-block-column is-vertically-aligned-center is-layout-flow wp-block-column-is-layout-flow\" style=\"flex-basis:60%\">\n<p class=\"has-text-align-right has-xxx-large-font-size\"><strong>Dr.-Ing. Jan Bergholz<\/strong><\/p>\n\n\n\n<p class=\"has-text-align-right has-x-large-font-size\" style=\"margin-top:0;margin-bottom:0;padding-top:0;padding-bottom:0\"><strong>Freelance Project Manager<\/strong><\/p>\n\n\n\n<p class=\"has-text-align-right has-x-large-font-size\" style=\"margin-top:0;margin-bottom:0;padding-top:0;padding-bottom:0\"><strong>Doktor der Ingenieurswissenschaften<\/strong><\/p>\n<\/div>\n<\/div>\n\n\n\n<div style=\"height:50px\" aria-hidden=\"true\" class=\"wp-block-spacer\"><\/div>\n\n\n\n<div class=\"wp-block-columns is-layout-flex wp-container-core-columns-is-layout-28f84493 wp-block-columns-is-layout-flex\">\n<div class=\"wp-block-column is-layout-flow wp-block-column-is-layout-flow\">\n<div class=\"wp-block-group is-style-default has-background has-global-padding is-layout-constrained wp-block-group-is-layout-constrained\" style=\"background-color:#bcf5da\">\n<p class=\"has-text-align-center has-large-font-size\"><strong>7 Jahre im Produkt- und Projektmanagement<\/strong><\/p>\n\n\n\n<p class=\"has-text-align-center\" style=\"padding-right:var(--wp--preset--spacing--xx-small);padding-left:var(--wp--preset--spacing--xx-small)\">\u2026and counting<\/p>\n<\/div>\n<\/div>\n\n\n\n<div class=\"wp-block-column is-layout-flow wp-block-column-is-layout-flow\">\n<div class=\"wp-block-group is-style-default has-background has-global-padding is-layout-constrained wp-block-group-is-layout-constrained\" style=\"background-color:#bcf5da\">\n<p class=\"has-text-align-center has-large-font-size\"><strong>Erfahrung in der Kombination von F&amp;E und Industrie<\/strong><\/p>\n\n\n\n<p class=\"has-text-align-center\" style=\"padding-right:var(--wp--preset--spacing--xx-small);padding-left:var(--wp--preset--spacing--xx-small)\">datengest\u00fctzte Entwicklung<\/p>\n<\/div>\n<\/div>\n\n\n\n<div class=\"wp-block-column is-layout-flow wp-block-column-is-layout-flow\">\n<div class=\"wp-block-group is-style-default has-background has-global-padding is-layout-constrained wp-block-group-is-layout-constrained\" style=\"background-color:#bcf5da\">\n<p class=\"has-text-align-center has-large-font-size\" style=\"margin-top:0;margin-right:0;margin-bottom:0;margin-left:0;padding-top:0;padding-right:0;padding-bottom:0;padding-left:0\"><strong>12 Produkte <\/strong><\/p>\n\n\n\n<p class=\"has-text-align-center has-large-font-size\" style=\"margin-top:0;margin-right:0;margin-bottom:0;margin-left:0;padding-top:0;padding-right:0;padding-bottom:0;padding-left:0\"><strong>geliefert<\/strong><\/p>\n\n\n\n<p class=\"has-text-align-center\" style=\"padding-right:var(--wp--preset--spacing--xx-small);padding-left:var(--wp--preset--spacing--xx-small)\">Hardware und Software<\/p>\n<\/div>\n<\/div>\n<\/div>\n\n\n\n<div class=\"wp-block-columns is-layout-flex wp-container-core-columns-is-layout-28f84493 wp-block-columns-is-layout-flex\">\n<div class=\"wp-block-column is-layout-flow wp-block-column-is-layout-flow\">\n<div class=\"wp-block-group is-style-default has-background has-global-padding is-layout-constrained wp-block-group-is-layout-constrained\" style=\"background-color:#bcf5da\">\n<p class=\"has-text-align-center has-large-font-size\"><strong>Ausgeliefert an 23 Gesch\u00e4fts-<br>kunden<\/strong><\/p>\n\n\n\n<p class=\"has-text-align-center\" style=\"padding-right:var(--wp--preset--spacing--xx-small);padding-left:var(--wp--preset--spacing--xx-small)\">\u2026auf 4 Kontinenten<\/p>\n<\/div>\n<\/div>\n\n\n\n<div class=\"wp-block-column is-layout-flow wp-block-column-is-layout-flow\">\n<div class=\"wp-block-group is-style-default has-background has-global-padding is-layout-constrained wp-block-group-is-layout-constrained\" style=\"background-color:#bcf5da\">\n<p class=\"has-text-align-center has-large-font-size\"><strong>Flexibilit\u00e4t durch<\/strong><br><strong>Expertise<\/strong><\/p>\n\n\n\n<p class=\"has-text-align-center\" style=\"padding-top:0;padding-right:var(--wp--preset--spacing--xx-small);padding-bottom:0;padding-left:var(--wp--preset--spacing--xx-small)\">Energy, SaaS, IoT, integration, materials\u2026<\/p>\n<\/div>\n<\/div>\n\n\n\n<div class=\"wp-block-column is-layout-flow wp-block-column-is-layout-flow\">\n<div class=\"wp-block-group is-style-default has-background has-global-padding is-layout-constrained wp-block-group-is-layout-constrained\" style=\"background-color:#bcf5da\">\n<p class=\"has-text-align-center has-large-font-size\" style=\"padding-top:0;padding-bottom:0\"><strong>9 Teams <\/strong><br><strong>aufgebaut<\/strong><\/p>\n\n\n\n<p class=\"has-text-align-center\" style=\"padding-top:0;padding-right:var(--wp--preset--spacing--xx-small);padding-bottom:0;padding-left:var(--wp--preset--spacing--xx-small)\">\u2026und gemanaged<\/p>\n<\/div>\n<\/div>\n<\/div>\n\n\n\n<div style=\"height:30px\" aria-hidden=\"true\" class=\"wp-block-spacer\"><\/div>\n\n\n\n<div class=\"wp-block-columns is-layout-flex wp-container-core-columns-is-layout-28f84493 wp-block-columns-is-layout-flex\">\n<div class=\"wp-block-column is-layout-flow wp-block-column-is-layout-flow\" style=\"flex-basis:35%\">\n<p class=\"has-text-align-right has-xx-large-font-size\"><strong><strong><mark style=\"background-color:rgba(0, 0, 0, 0)\" class=\"has-inline-color has-foreground-color\">SD<\/mark><mark style=\"background-color:rgba(0, 0, 0, 0);color:#a70000\" class=\"has-inline-color\">\u018e<\/mark><\/strong><\/strong><\/p>\n\n\n\n<p class=\"has-text-align-right\">seit Jul. 2023<\/p>\n\n\n\n<p class=\"has-text-align-right\">Projektleitung &amp; Beratung<\/p>\n<\/div>\n\n\n\n<div class=\"wp-block-column is-layout-flow wp-block-column-is-layout-flow\" style=\"flex-basis:1%\"><\/div>\n\n\n\n<div class=\"wp-block-column is-layout-flow wp-block-column-is-layout-flow\">\n<p class=\"has-x-large-font-size\"><strong>Gesch\u00e4ftsf\u00fchrer<\/strong><\/p>\n\n\n\n<ul class=\"wp-block-list\">\n<li>Beratung und Projektmanagement in den Bereichen IT und erneuerbare Energien.<\/li>\n\n\n\n<li>Energiekonzeptentwicklung f\u00fcr Smart-Grid-Komponenten wie Eigenheime, intelligente Ladeinfrastruktur oder Microgrids.<\/li>\n<\/ul>\n<\/div>\n<\/div>\n\n\n\n<div style=\"height:20px\" aria-hidden=\"true\" class=\"wp-block-spacer\"><\/div>\n\n\n\n<div class=\"wp-block-columns is-layout-flex wp-container-core-columns-is-layout-28f84493 wp-block-columns-is-layout-flex\">\n<div class=\"wp-block-column is-layout-flow wp-block-column-is-layout-flow\" style=\"flex-basis:35%\">\n<p class=\"has-text-align-right has-xx-large-font-size\"><strong><strong><mark style=\"background-color:rgba(0, 0, 0, 0);color:#10b9b6\" class=\"has-inline-color\">gridX<\/mark><\/strong><\/strong><\/p>\n\n\n\n<p class=\"has-text-align-right\">Jan. 2020 \u2013 Sep. 2023<\/p>\n\n\n\n<p class=\"has-text-align-right\">Energieversorgung, Sektoren-Kopplung, EnergieMarkt,\nB2B, Software, API Integration, Smart Distrikte<\/p>\n<\/div>\n\n\n\n<div class=\"wp-block-column is-layout-flow wp-block-column-is-layout-flow\" style=\"flex-basis:1%\"><\/div>\n\n\n\n<div class=\"wp-block-column is-layout-flow wp-block-column-is-layout-flow\">\n<p class=\"has-x-large-font-size\"><strong>Product Owner Smart Districts &amp; Team-Leiter TPM<\/strong><\/p>\n\n\n\n<ul class=\"wp-block-list\">\n<li>Leitung der Entwicklung von Produkten f\u00fcr die Bereiche erneuerbare Energien, SaaS und IoT sowie deren Anwendung beim Kunden.<\/li>\n\n\n\n<li>F\u00fchren von Verhandlungen mit mehreren Kunden \u00fcber Funktionsentwicklungen, einschlie\u00dflich der Interaktion mit dem Energiemarkt durch virtuelle Kraftwerke, kaskadierende Energiemanagementsysteme, grafische Benutzeroberfl\u00e4chen oder Sektorkopplung, um mit minimalem Entwicklungsaufwand maximalen Wert und Wirkung zu erzielen.<\/li>\n\n\n\n<li>Erfolgreiche Planung der Entwicklung und Lieferung von Funktionen f\u00fcr Smart-District-Projekte (einschlie\u00dflich SmartQuart) mit einem Entwicklungsvolumen von &gt; 4 Mio. \u20ac.<\/li>\n\n\n\n<li>Management von Kundenbeziehungen, externes und internes Projektmanagement und Koordinierung mit der Einf\u00fchrung neuer Projektmanagementrichtlinien zur Steigerung der Qualit\u00e4t und Verbesserung der Kommunikation zwischen den Teams.<\/li>\n<\/ul>\n<\/div>\n<\/div>\n\n\n\n<div style=\"height:42px\" aria-hidden=\"true\" class=\"wp-block-spacer\"><\/div>\n\n\n\n<div class=\"wp-block-columns is-layout-flex wp-container-core-columns-is-layout-28f84493 wp-block-columns-is-layout-flex\">\n<div class=\"wp-block-column is-layout-flow wp-block-column-is-layout-flow\" style=\"flex-basis:35%\">\n<p class=\"has-text-align-right has-xx-large-font-size\"><strong><strong><mark style=\"background-color:rgba(0, 0, 0, 0);color:#3e3e3e\" class=\"has-inline-color\">RHEINMETALL<\/mark><\/strong><\/strong><\/p>\n\n\n\n<p class=\"has-text-align-right\">Nov. 2017 \u2013 Dec. 2019<\/p>\n\n\n\n<p class=\"has-text-align-right\">Automobilindustrie, Materialentwicklung<\/p>\n<\/div>\n\n\n\n<div class=\"wp-block-column is-layout-flow wp-block-column-is-layout-flow\" style=\"flex-basis:1%\"><\/div>\n\n\n\n<div class=\"wp-block-column is-layout-flow wp-block-column-is-layout-flow\">\n<p class=\"has-x-large-font-size\"><strong>Manager Entwicklung metallischer Materialen<\/strong><\/p>\n\n\n\n<ul class=\"wp-block-list\">\n<li>Leitung von Produktentwicklungsprojekten von der Materialentwicklung bis zur Industrialisierung von Gleitlagern f\u00fcr Automobil- und Industrieanwendungen.<\/li>\n\n\n\n<li>\u00dcberarbeitung des Budget-Trackings im Team und in den Projekten.<\/li>\n\n\n\n<li>Beschleunigung der Entwicklung durch standardisierte Test- und Dokumentationsverfahren und Einf\u00fchrung von SCRUM f\u00fcr das Testlabor.<\/li>\n\n\n\n<li>L\u00f6sung von Produktherstellungsproblemen in Deutschland und Indien.<\/li>\n\n\n\n<li>Entwicklung neuer Al-Basis-Legierungen f\u00fcr Gleitlager.<\/li>\n<\/ul>\n<\/div>\n<\/div>\n\n\n\n<div style=\"height:42px\" aria-hidden=\"true\" class=\"wp-block-spacer\"><\/div>\n\n\n\n<div class=\"wp-block-columns is-layout-flex wp-container-core-columns-is-layout-28f84493 wp-block-columns-is-layout-flex\">\n<div class=\"wp-block-column is-layout-flow wp-block-column-is-layout-flow\" style=\"flex-basis:35%\">\n<p class=\"has-text-align-right has-xx-large-font-size\"><strong><mark style=\"background-color:rgba(0, 0, 0, 0);color:#05355c\" class=\"has-inline-color\">Forschungszentrum J\u00fclich <\/mark><\/strong><\/p>\n\n\n\n<p class=\"has-text-align-right\">Nov. 2017 \u2013 Dec. 2019<\/p>\n\n\n\n<p class=\"has-text-align-right\">Material und Prozess-Entwicklung f\u00fcr Forschung\nund Industrialisierung<\/p>\n<\/div>\n\n\n\n<div class=\"wp-block-column is-layout-flow wp-block-column-is-layout-flow\" style=\"flex-basis:1%\"><\/div>\n\n\n\n<div class=\"wp-block-column is-layout-flow wp-block-column-is-layout-flow\">\n<p class=\"has-x-large-font-size\"><strong>Wissenschaftlicher Mitarbeiter \/ Postdoktorand<\/strong><\/p>\n\n\n\n<ul class=\"wp-block-list\">\n<li>Untersuchung von durch Oxiddispersion verfestigten Materialien sowie deren Herstellung und Anwendung in metallischen Schutzschichten f\u00fcr W\u00e4rmed\u00e4mmschichten.<\/li>\n\n\n\n<li>Verdoppelung der Erm\u00fcdungsfestigkeit von W\u00e4rmed\u00e4mmschichten durch die Entwicklung von Legierungen und Herstellungsverfahren.<\/li>\n\n\n\n<li>Beschleunigung der Produktion neuartiger Sauerstoffabscheidungsmembranen durch die Entwicklung und Anwendung eines Schichtselektorprogramms.<\/li>\n<\/ul>\n<\/div>\n<\/div>\n\n\n\n<div style=\"height:70px\" aria-hidden=\"true\" class=\"wp-block-spacer\"><\/div>\n\n\n\n<div class=\"wp-block-columns are-vertically-aligned-center is-layout-flex wp-container-core-columns-is-layout-e0e4babd wp-block-columns-is-layout-flex\" style=\"padding-right:0;padding-left:0\">\n<div class=\"wp-block-column is-vertically-aligned-center is-layout-flow wp-block-column-is-layout-flow\" style=\"flex-basis:150px\">\n<p>Andere Unternehmen, mit denen ich gearbeitet habe:<\/p>\n<\/div>\n\n\n\n<div class=\"wp-block-column is-vertically-aligned-center is-layout-flow wp-block-column-is-layout-flow\">\n<p class=\"has-text-align-center has-xx-large-font-size\"><strong><mark style=\"background-color:rgba(0, 0, 0, 0)\" class=\"has-inline-color has-secondary-accent-text-color\">AIRBUS<\/mark><\/strong><\/p>\n<\/div>\n\n\n\n<div class=\"wp-block-column is-vertically-aligned-center is-layout-flow wp-block-column-is-layout-flow\">\n<p class=\"has-text-align-center has-xx-large-font-size\"><strong><mark style=\"background-color:rgba(0, 0, 0, 0)\" class=\"has-inline-color has-secondary-accent-text-color\">Shell<\/mark><\/strong><\/p>\n<\/div>\n\n\n\n<div class=\"wp-block-column is-vertically-aligned-center is-layout-flow wp-block-column-is-layout-flow\">\n<p class=\"has-text-align-center has-xx-large-font-size\"><strong><mark style=\"background-color:rgba(0, 0, 0, 0)\" class=\"has-inline-color has-secondary-accent-text-color\">EON<\/mark><\/strong><\/p>\n<\/div>\n\n\n\n<div class=\"wp-block-column is-vertically-aligned-center is-layout-flow wp-block-column-is-layout-flow\">\n<p class=\"has-text-align-center has-xx-large-font-size\"><strong><mark style=\"background-color:rgba(0, 0, 0, 0)\" class=\"has-inline-color has-secondary-accent-text-color\">T\u00dcV<\/mark><\/strong><\/p>\n<\/div>\n\n\n\n<div class=\"wp-block-column is-vertically-aligned-center is-layout-flow wp-block-column-is-layout-flow\">\n<figure class=\"wp-block-image aligncenter size-full is-resized\"><img loading=\"lazy\" decoding=\"async\" width=\"448\" height=\"71\" src=\"https:\/\/sd-engineering.net\/Wordpress\/wp-content\/uploads\/2023\/10\/Logo-Zenport-1.png\" alt=\"\" class=\"wp-image-116\" style=\"width:175px;height:28px\" srcset=\"https:\/\/sd-engineering.net\/wp-content\/uploads\/2023\/10\/Logo-Zenport-1.png 448w, https:\/\/sd-engineering.net\/wp-content\/uploads\/2023\/10\/Logo-Zenport-1-300x48.png 300w\" sizes=\"auto, (max-width: 448px) 100vw, 448px\" \/><\/figure>\n<\/div>\n<\/div>\n\n\n\n<div style=\"height:70px\" aria-hidden=\"true\" class=\"wp-block-spacer\"><\/div>\n\n\n\n<div class=\"wp-block-columns is-layout-flex wp-container-core-columns-is-layout-28f84493 wp-block-columns-is-layout-flex\">\n<div class=\"wp-block-column is-layout-flow wp-block-column-is-layout-flow\" style=\"flex-basis:35%\">\n<p class=\"has-text-align-right has-xx-large-font-size\"><strong><mark style=\"background-color:rgba(0, 0, 0, 0);color:#05355c\" class=\"has-inline-color\">Ausbildung und Qualifikationen <\/mark><\/strong><\/p>\n<\/div>\n\n\n\n<div class=\"wp-block-column is-layout-flow wp-block-column-is-layout-flow\" style=\"flex-basis:1%\"><\/div>\n\n\n\n<div class=\"wp-block-column is-layout-flow wp-block-column-is-layout-flow\">\n<ul class=\"wp-block-list\">\n<li>Dr.-Ing., Ruhr-Universit\u00e4t-Bochum<\/li>\n\n\n\n<li>Dipl.-Ing., Technische Universit\u00e4t Braunschweig<\/li>\n\n\n\n<li>Six Sigma Green Belt, University of Georgia<\/li>\n\n\n\n<li>Projektmanagement (vergleichbar mit Project Management Professional (PMP) oder Project Management Body of Knowledge (PMBOK\u00ae Guide 6th Edition) qualifications), T\u00dcV Nord Akademie &amp; HiTeC<\/li>\n\n\n\n<li>Inspirational Leadership: Leading with Sense Specialization, HEC Paris<\/li>\n<\/ul>\n<\/div>\n<\/div>","protected":false},"excerpt":{"rendered":"<p>Jan Bergholz Freelance Project Manager PhD in Engineering 7 years in product &amp; project management \u2026and counting Experience combining R&amp;D and industry data driven development 12 products shipped both hardware and software Delivered to 23 business-customers \u2026on 4 continents Flexibility throughexpertise Energy, SaaS, IoT, integration, materials\u2026 9 teams built \u2026and managed SD\u018e since Jul. 2023 [&hellip;]<\/p>\n","protected":false},"author":1,"featured_media":508,"parent":0,"menu_order":0,"comment_status":"closed","ping_status":"closed","template":"wp-custom-template-base","meta":{"_acf_changed":false,"footnotes":""},"class_list":["post-402","page","type-page","status-publish","has-post-thumbnail","hentry"],"acf":[],"_links":{"self":[{"href":"https:\/\/sd-engineering.net\/de\/wp-json\/wp\/v2\/pages\/402","targetHints":{"allow":["GET"]}}],"collection":[{"href":"https:\/\/sd-engineering.net\/de\/wp-json\/wp\/v2\/pages"}],"about":[{"href":"https:\/\/sd-engineering.net\/de\/wp-json\/wp\/v2\/types\/page"}],"author":[{"embeddable":true,"href":"https:\/\/sd-engineering.net\/de\/wp-json\/wp\/v2\/users\/1"}],"replies":[{"embeddable":true,"href":"https:\/\/sd-engineering.net\/de\/wp-json\/wp\/v2\/comments?post=402"}],"version-history":[{"count":52,"href":"https:\/\/sd-engineering.net\/de\/wp-json\/wp\/v2\/pages\/402\/revisions"}],"predecessor-version":[{"id":596,"href":"https:\/\/sd-engineering.net\/de\/wp-json\/wp\/v2\/pages\/402\/revisions\/596"}],"wp:featuredmedia":[{"embeddable":true,"href":"https:\/\/sd-engineering.net\/de\/wp-json\/wp\/v2\/media\/508"}],"wp:attachment":[{"href":"https:\/\/sd-engineering.net\/de\/wp-json\/wp\/v2\/media?parent=402"}],"curies":[{"name":"wp","href":"https:\/\/api.w.org\/{rel}","templated":true}]}}